{"id":117,"date":"2022-07-19T22:49:35","date_gmt":"2022-07-19T15:49:35","guid":{"rendered":"http:\/\/khoinguyenphat.vn\/?page_id=117"},"modified":"2022-11-14T11:25:38","modified_gmt":"2022-11-14T04:25:38","slug":"gioi-thieu","status":"publish","type":"page","link":"http:\/\/khoinguyenphat.vn\/index.php\/gioi-thieu\/","title":{"rendered":"Gi\u1edbi thi\u1ec7u"},"content":{"rendered":"\t\t<div data-elementor-type=\"wp-page\" data-elementor-id=\"117\" class=\"elementor elementor-117\">\n\t\t\t\t\t\t\t\t\t<section class=\"elementor-section elementor-top-section elementor-element elementor-element-2d6af49 elementor-section-full_width elementor-section-height-default elementor-section-height-default\" data-id=\"2d6af49\" data-element_type=\"section\" data-settings=\"{&quot;_ha_eqh_enable&quot;:false}\">\n\t\t\t\t\t\t<div class=\"elementor-container elementor-column-gap-default\">\n\t\t\t\t\t<div class=\"elementor-column elementor-col-100 elementor-top-column elementor-element elementor-element-ef09ce5\" data-id=\"ef09ce5\" data-element_type=\"column\">\n\t\t\t<div class=\"elementor-widget-wrap elementor-element-populated\">\n\t\t\t\t\t\t\t\t<div class=\"elementor-element elementor-element-fb8e591 elementor-widget elementor-widget-image\" data-id=\"fb8e591\" data-element_type=\"widget\" data-widget_type=\"image.default\">\n\t\t\t\t<div class=\"elementor-widget-container\">\n\t\t\t<style>\/*! elementor - v3.6.7 - 03-07-2022 *\/\n.elementor-widget-image{text-align:center}.elementor-widget-image a{display:inline-block}.elementor-widget-image a img[src$=\".svg\"]{width:48px}.elementor-widget-image img{vertical-align:middle;display:inline-block}<\/style>\t\t\t\t\t\t\t\t\t\t\t\t<img src=\"http:\/\/khoinguyenphat.vn\/wp-content\/uploads\/2022\/10\/5.-BIA-GIOI-THIEU-CTY.png\" title=\"5. B\u00ccA GI\u1edaI THI\u1ec6U CTY\" alt=\"5. B\u00ccA GI\u1edaI THI\u1ec6U CTY\" \/>\t\t\t\t\t\t\t\t\t\t\t\t\t\t\t<\/div>\n\t\t\t\t<\/div>\n\t\t\t\t\t<\/div>\n\t\t<\/div>\n\t\t\t\t\t\t\t<\/div>\n\t\t<\/section>\n\t\t\t\t<section class=\"elementor-section elementor-top-section elementor-element elementor-element-5177da00 elementor-section-full_width elementor-section-content-middle elementor-reverse-mobile elementor-section-height-default elementor-section-height-default\" data-id=\"5177da00\" data-element_type=\"section\" data-settings=\"{&quot;_ha_eqh_enable&quot;:false}\">\n\t\t\t\t\t\t<div class=\"elementor-container elementor-column-gap-no\">\n\t\t\t\t\t<div class=\"elementor-column elementor-col-50 elementor-top-column elementor-element elementor-element-5c19b838\" data-id=\"5c19b838\" data-element_type=\"column\">\n\t\t\t<div class=\"elementor-widget-wrap elementor-element-populated\">\n\t\t\t\t\t\t\t\t<div class=\"elementor-element elementor-element-79bc6e97 elementor-invisible elementor-widget elementor-widget-heading\" data-id=\"79bc6e97\" data-element_type=\"widget\" data-settings=\"{&quot;_animation&quot;:&quot;fadeInLeft&quot;}\" data-widget_type=\"heading.default\">\n\t\t\t\t<div class=\"elementor-widget-container\">\n\t\t\t<style>\/*! elementor - v3.6.7 - 03-07-2022 *\/\n.elementor-heading-title{padding:0;margin:0;line-height:1}.elementor-widget-heading .elementor-heading-title[class*=elementor-size-]>a{color:inherit;font-size:inherit;line-height:inherit}.elementor-widget-heading .elementor-heading-title.elementor-size-small{font-size:15px}.elementor-widget-heading .elementor-heading-title.elementor-size-medium{font-size:19px}.elementor-widget-heading .elementor-heading-title.elementor-size-large{font-size:29px}.elementor-widget-heading .elementor-heading-title.elementor-size-xl{font-size:39px}.elementor-widget-heading .elementor-heading-title.elementor-size-xxl{font-size:59px}<\/style><h2 class=\"elementor-heading-title elementor-size-default\">C\u00d4NG TY TNHH MTV<br>\nKH\u1edeI NGUY\u00caN PH\u00c1T<\/h2>\t\t<\/div>\n\t\t\t\t<\/div>\n\t\t\t\t<div class=\"elementor-element elementor-element-22d5dd5f elementor-invisible elementor-widget elementor-widget-text-editor\" data-id=\"22d5dd5f\" data-element_type=\"widget\" data-settings=\"{&quot;_animation&quot;:&quot;fadeInLeft&quot;}\" data-widget_type=\"text-editor.default\">\n\t\t\t\t<div class=\"elementor-widget-container\">\n\t\t\t<style>\/*! elementor - v3.6.7 - 03-07-2022 *\/\n.elementor-widget-text-editor.elementor-drop-cap-view-stacked .elementor-drop-cap{background-color:#818a91;color:#fff}.elementor-widget-text-editor.elementor-drop-cap-view-framed .elementor-drop-cap{color:#818a91;border:3px solid;background-color:transparent}.elementor-widget-text-editor:not(.elementor-drop-cap-view-default) .elementor-drop-cap{margin-top:8px}.elementor-widget-text-editor:not(.elementor-drop-cap-view-default) .elementor-drop-cap-letter{width:1em;height:1em}.elementor-widget-text-editor .elementor-drop-cap{float:left;text-align:center;line-height:1;font-size:50px}.elementor-widget-text-editor .elementor-drop-cap-letter{display:inline-block}<\/style>\t\t\t\t<p dir=\"ltr\" style=\"line-height: 1.38; margin-top: 12pt; margin-bottom: 12pt;\"><span style=\"font-weight: 400;\">\u0110\u01b0\u1ee3c th\u00e0nh l\u1eadp v\u1edbi mong mu\u1ed1n \u0111em \u0111\u1ebfn nh\u1eefng gi\u00e1 tr\u1ecb t\u1ed1t \u0111\u1eb9p cho c\u1ed9ng \u0111\u1ed3ng, cho th\u1ebf h\u1ec7 tr\u1ebb th\u01a1 Vi\u1ec7t Nam. Trong \u0111i\u1ec1u ki\u1ec7n nhu c\u1ea7u s\u1ed1ng ng\u00e0y m\u1ed9t n\u00e2ng cao, y\u00eau c\u1ea7u v\u1ec1 ch\u1ea5t l\u01b0\u1ee3ng s\u1ea3n ph\u1ea9m ng\u00e0y c\u00e0ng \u0111\u01b0\u1ee3c ch\u00fa tr\u1ecdng, ch\u00fang t\u00f4i \u0111\u00e3 v\u00e0 \u0111ang kh\u00f4ng ng\u1eebng ph\u00e1t tri\u1ec3n, nghi\u00ean c\u1ee9u v\u00e0 cho ra \u0111\u1eddi nh\u1eefng s\u1ea3n ph\u1ea9m t\u00e3 b\u1ec9m tr\u1ebb em t\u1ed1t nh\u1ea5t, x\u1ee9ng \u0111\u00e1ng tr\u1edf th\u00e0nh ng\u01b0\u1eddi b\u1ea1n \u0111\u1ed3ng h\u00e0nh trong su\u1ed1t qu\u00e1 tr\u00ecnh tr\u01b0\u1edfng th\u00e0nh c\u1ee7a b\u00e9.<\/span><\/p>\t\t\t\t\t\t<\/div>\n\t\t\t\t<\/div>\n\t\t\t\t\t<\/div>\n\t\t<\/div>\n\t\t\t\t<div class=\"elementor-column elementor-col-50 elementor-top-column elementor-element elementor-element-aa4d632\" data-id=\"aa4d632\" data-element_type=\"column\">\n\t\t\t<div class=\"elementor-widget-wrap elementor-element-populated\">\n\t\t\t\t\t\t\t\t<div class=\"elementor-element elementor-element-3823c91 elementor-widget elementor-widget-image\" data-id=\"3823c91\" data-element_type=\"widget\" data-widget_type=\"image.default\">\n\t\t\t\t<div class=\"elementor-widget-container\">\n\t\t\t\t\t\t\t\t\t\t\t\t\t\t\t<img width=\"2048\" height=\"878\" src=\"http:\/\/khoinguyenphat.vn\/wp-content\/uploads\/2022\/07\/2ad3a425b015724b2b04.jpg\" class=\"attachment-full size-full\" alt=\"\" loading=\"lazy\" srcset=\"http:\/\/khoinguyenphat.vn\/wp-content\/uploads\/2022\/07\/2ad3a425b015724b2b04.jpg 2048w, http:\/\/khoinguyenphat.vn\/wp-content\/uploads\/2022\/07\/2ad3a425b015724b2b04-600x257.jpg 600w, http:\/\/khoinguyenphat.vn\/wp-content\/uploads\/2022\/07\/2ad3a425b015724b2b04-300x129.jpg 300w, http:\/\/khoinguyenphat.vn\/wp-content\/uploads\/2022\/07\/2ad3a425b015724b2b04-1024x439.jpg 1024w, http:\/\/khoinguyenphat.vn\/wp-content\/uploads\/2022\/07\/2ad3a425b015724b2b04-768x329.jpg 768w, http:\/\/khoinguyenphat.vn\/wp-content\/uploads\/2022\/07\/2ad3a425b015724b2b04-1536x659.jpg 1536w\" sizes=\"(max-width: 2048px) 100vw, 2048px\" \/>\t\t\t\t\t\t\t\t\t\t\t\t\t\t\t<\/div>\n\t\t\t\t<\/div>\n\t\t\t\t\t<\/div>\n\t\t<\/div>\n\t\t\t\t\t\t\t<\/div>\n\t\t<\/section>\n\t\t\t\t<section class=\"elementor-section elementor-top-section elementor-element elementor-element-2c69af7e elementor-section-content-middle elementor-section-boxed elementor-section-height-default elementor-section-height-default\" data-id=\"2c69af7e\" data-element_type=\"section\" data-settings=\"{&quot;_ha_eqh_enable&quot;:false}\">\n\t\t\t\t\t\t<div class=\"elementor-container elementor-column-gap-wide\">\n\t\t\t\t\t<div class=\"elementor-column elementor-col-33 elementor-top-column elementor-element elementor-element-68125667\" data-id=\"68125667\" data-element_type=\"column\">\n\t\t\t<div class=\"elementor-widget-wrap elementor-element-populated\">\n\t\t\t\t\t\t\t\t<div class=\"elementor-element elementor-element-6155cbd9 elementor-invisible elementor-widget elementor-widget-heading\" data-id=\"6155cbd9\" data-element_type=\"widget\" data-settings=\"{&quot;_animation&quot;:&quot;fadeInLeft&quot;}\" data-widget_type=\"heading.default\">\n\t\t\t\t<div class=\"elementor-widget-container\">\n\t\t\t<h2 class=\"elementor-heading-title elementor-size-default\">L\u1ecaCH S\u1eec H\u00ccNH TH\u00c0NH V\u00c0 PH\u00c1T TRI\u1ec2N<\/h2>\t\t<\/div>\n\t\t\t\t<\/div>\n\t\t\t\t\t<\/div>\n\t\t<\/div>\n\t\t\t\t<div class=\"elementor-column elementor-col-33 elementor-top-column elementor-element elementor-element-e6b39d8\" data-id=\"e6b39d8\" data-element_type=\"column\">\n\t\t\t<div class=\"elementor-widget-wrap elementor-element-populated\">\n\t\t\t\t\t\t\t\t<div class=\"elementor-element elementor-element-14fb81a7 elementor-invisible elementor-widget elementor-widget-image\" data-id=\"14fb81a7\" data-element_type=\"widget\" data-settings=\"{&quot;motion_fx_motion_fx_scrolling&quot;:&quot;yes&quot;,&quot;motion_fx_translateY_effect&quot;:&quot;yes&quot;,&quot;motion_fx_translateY_speed&quot;:{&quot;unit&quot;:&quot;px&quot;,&quot;size&quot;:0.8,&quot;sizes&quot;:[]},&quot;motion_fx_devices&quot;:[&quot;desktop&quot;],&quot;_animation&quot;:&quot;bounce&quot;,&quot;motion_fx_translateY_affectedRange&quot;:{&quot;unit&quot;:&quot;%&quot;,&quot;size&quot;:&quot;&quot;,&quot;sizes&quot;:{&quot;start&quot;:0,&quot;end&quot;:100}}}\" data-widget_type=\"image.default\">\n\t\t\t\t<div class=\"elementor-widget-container\">\n\t\t\t\t\t\t\t\t\t\t\t\t\t\t\t<img width=\"768\" height=\"768\" src=\"http:\/\/khoinguyenphat.vn\/wp-content\/uploads\/2022\/10\/2.-anh-gioi-thieu-cong-ty-768x768.png\" class=\"elementor-animation-grow-rotate attachment-medium_large size-medium_large\" alt=\"\" loading=\"lazy\" srcset=\"http:\/\/khoinguyenphat.vn\/wp-content\/uploads\/2022\/10\/2.-anh-gioi-thieu-cong-ty-768x768.png 768w, http:\/\/khoinguyenphat.vn\/wp-content\/uploads\/2022\/10\/2.-anh-gioi-thieu-cong-ty-300x300.png 300w, http:\/\/khoinguyenphat.vn\/wp-content\/uploads\/2022\/10\/2.-anh-gioi-thieu-cong-ty-100x100.png 100w, http:\/\/khoinguyenphat.vn\/wp-content\/uploads\/2022\/10\/2.-anh-gioi-thieu-cong-ty-600x600.png 600w, http:\/\/khoinguyenphat.vn\/wp-content\/uploads\/2022\/10\/2.-anh-gioi-thieu-cong-ty.png 1024w, http:\/\/khoinguyenphat.vn\/wp-content\/uploads\/2022\/10\/2.-anh-gioi-thieu-cong-ty-150x150.png 150w\" sizes=\"(max-width: 768px) 100vw, 768px\" \/>\t\t\t\t\t\t\t\t\t\t\t\t\t\t\t<\/div>\n\t\t\t\t<\/div>\n\t\t\t\t\t<\/div>\n\t\t<\/div>\n\t\t\t\t<div class=\"elementor-column elementor-col-33 elementor-top-column elementor-element elementor-element-45c6a462\" data-id=\"45c6a462\" data-element_type=\"column\">\n\t\t\t<div class=\"elementor-widget-wrap elementor-element-populated\">\n\t\t\t\t\t\t\t\t<div class=\"elementor-element elementor-element-2d489db6 elementor-invisible elementor-widget elementor-widget-text-editor\" data-id=\"2d489db6\" data-element_type=\"widget\" data-settings=\"{&quot;_animation&quot;:&quot;fadeInRight&quot;}\" data-widget_type=\"text-editor.default\">\n\t\t\t\t<div class=\"elementor-widget-container\">\n\t\t\t\t\t\t\t<p><span style=\"font-weight: 400;\">\u0110\u01b0\u1ee3c c\u1ea5p ph\u00e9p ho\u1ea1t \u0111\u1ed9ng v\u00e0o ng\u00e0y 15\/03\/2018, t\u1edbi nay Kh\u1edfi Nguy\u00ean Ph\u00e1t \u0111\u00e3 kh\u1eb3ng \u0111\u1ecbnh \u0111\u01b0\u1ee3c v\u1ecb c\u1ee7a m\u00ecnh tr\u00ean tr\u1ecb tr\u01b0\u1eddng trong l\u0129nh v\u1ef1c t\u00e3 b\u1ec9m tr\u1ebb em t\u1ea1i Vi\u1ec7t Nam, tu\u031b\u0323 ha\u0300o la\u0300 thu\u031bo\u031bng hie\u0323\u0302u ta\u0303 bi\u0309m Vi\u1ec7t duy nha\u0302\u0301t \u0111u\u031bo\u031b\u0323c vinh danh <\/span><i><span style=\"font-weight: 400;\">&#8220;THU\u031bO\u031bNG HIE\u0323\u0302U TIN C\u1eacY, SA\u0309N PHA\u0302\u0309M CHA\u0302\u0301T LU\u031bO\u031b\u0323NG, DI\u0323CH VU\u0323 TA\u0323\u0302N TA\u0302M 2020\u201d<\/span><\/i><\/p><p>\u00a0<\/p>\t\t\t\t\t\t<\/div>\n\t\t\t\t<\/div>\n\t\t\t\t\t<\/div>\n\t\t<\/div>\n\t\t\t\t\t\t\t<\/div>\n\t\t<\/section>\n\t\t\t\t\t\t\t<\/div>\n\t\t","protected":false},"excerpt":{"rendered":"<p>C\u00d4NG TY TNHH MTV KH\u1edeI NGUY\u00caN PH\u00c1T \u0110\u01b0\u1ee3c th\u00e0nh l\u1eadp v\u1edbi mong mu\u1ed1n \u0111em \u0111\u1ebfn nh\u1eefng gi\u00e1 tr\u1ecb t\u1ed1t \u0111\u1eb9p cho c\u1ed9ng \u0111\u1ed3ng, cho th\u1ebf h\u1ec7 tr\u1ebb th\u01a1 Vi\u1ec7t Nam. Trong \u0111i\u1ec1u ki\u1ec7n nhu c\u1ea7u s\u1ed1ng ng\u00e0y m\u1ed9t n\u00e2ng cao, y\u00eau c\u1ea7u v\u1ec1 ch\u1ea5t l\u01b0\u1ee3ng s\u1ea3n ph\u1ea9m ng\u00e0y c\u00e0ng \u0111\u01b0\u1ee3c ch\u00fa tr\u1ecdng, ch\u00fang t\u00f4i \u0111\u00e3 [&hellip;]<\/p>\n","protected":false},"author":1,"featured_media":0,"parent":0,"menu_order":0,"comment_status":"closed","ping_status":"closed","template":"","meta":{"om_disable_all_campaigns":false,"_monsterinsights_skip_tracking":false,"_monsterinsights_sitenote_active":false,"_monsterinsights_sitenote_note":"","_monsterinsights_sitenote_category":0},"_links":{"self":[{"href":"http:\/\/khoinguyenphat.vn\/index.php\/wp-json\/wp\/v2\/pages\/117"}],"collection":[{"href":"http:\/\/khoinguyenphat.vn\/index.php\/wp-json\/wp\/v2\/pages"}],"about":[{"href":"http:\/\/khoinguyenphat.vn\/index.php\/wp-json\/wp\/v2\/types\/page"}],"author":[{"embeddable":true,"href":"http:\/\/khoinguyenphat.vn\/index.php\/wp-json\/wp\/v2\/users\/1"}],"replies":[{"embeddable":true,"href":"http:\/\/khoinguyenphat.vn\/index.php\/wp-json\/wp\/v2\/comments?post=117"}],"version-history":[{"count":47,"href":"http:\/\/khoinguyenphat.vn\/index.php\/wp-json\/wp\/v2\/pages\/117\/revisions"}],"predecessor-version":[{"id":1145,"href":"http:\/\/khoinguyenphat.vn\/index.php\/wp-json\/wp\/v2\/pages\/117\/revisions\/1145"}],"wp:attachment":[{"href":"http:\/\/khoinguyenphat.vn\/index.php\/wp-json\/wp\/v2\/media?parent=117"}],"curies":[{"name":"wp","href":"https:\/\/api.w.org\/{rel}","templated":true}]}}