{"id":131,"date":"2022-07-19T22:53:34","date_gmt":"2022-07-19T15:53:34","guid":{"rendered":"http:\/\/khoinguyenphat.vn\/?page_id=131"},"modified":"2023-05-24T16:22:13","modified_gmt":"2023-05-24T09:22:13","slug":"tin-tuc","status":"publish","type":"page","link":"http:\/\/khoinguyenphat.vn\/index.php\/tin-tuc\/","title":{"rendered":"Tin t\u1ee9c"},"content":{"rendered":"\t\t<div data-elementor-type=\"wp-page\" data-elementor-id=\"131\" class=\"elementor elementor-131\">\n\t\t\t\t\t\t\t\t\t<section class=\"elementor-section elementor-top-section elementor-element elementor-element-1bc86edd elementor-section-height-min-height elementor-section-boxed elementor-section-height-default elementor-section-items-middle\" data-id=\"1bc86edd\" data-element_type=\"section\" data-settings=\"{&quot;background_background&quot;:&quot;classic&quot;,&quot;_ha_eqh_enable&quot;:false}\">\n\t\t\t\t\t\t<div class=\"elementor-container elementor-column-gap-default\">\n\t\t\t\t\t<div class=\"elementor-column elementor-col-100 elementor-top-column elementor-element elementor-element-61e5eac6\" data-id=\"61e5eac6\" data-element_type=\"column\">\n\t\t\t<div class=\"elementor-widget-wrap\">\n\t\t\t\t\t\t\t\t\t<\/div>\n\t\t<\/div>\n\t\t\t\t\t\t\t<\/div>\n\t\t<\/section>\n\t\t\t\t<section class=\"elementor-section elementor-top-section elementor-element elementor-element-3dc1c60 elementor-section-boxed elementor-section-height-default elementor-section-height-default\" data-id=\"3dc1c60\" data-element_type=\"section\" data-settings=\"{&quot;_ha_eqh_enable&quot;:false}\">\n\t\t\t\t\t\t<div class=\"elementor-container elementor-column-gap-default\">\n\t\t\t\t\t<div class=\"elementor-column elementor-col-100 elementor-top-column elementor-element elementor-element-b464a17\" data-id=\"b464a17\" data-element_type=\"column\">\n\t\t\t<div class=\"elementor-widget-wrap elementor-element-populated\">\n\t\t\t\t\t\t\t\t<div class=\"elementor-element elementor-element-573eae3 elementor-grid-3 elementor-grid-tablet-2 elementor-grid-mobile-1 elementor-posts--thumbnail-top elementor-widget elementor-widget-posts\" data-id=\"573eae3\" data-element_type=\"widget\" data-settings=\"{&quot;classic_columns&quot;:&quot;3&quot;,&quot;classic_columns_tablet&quot;:&quot;2&quot;,&quot;classic_columns_mobile&quot;:&quot;1&quot;,&quot;classic_row_gap&quot;:{&quot;unit&quot;:&quot;px&quot;,&quot;size&quot;:35,&quot;sizes&quot;:[]}}\" data-widget_type=\"posts.classic\">\n\t\t\t\t<div class=\"elementor-widget-container\">\n\t\t\t\t\t<div class=\"elementor-posts-container elementor-posts elementor-posts--skin-classic elementor-grid\">\n\t\t\t\t<article class=\"elementor-post elementor-grid-item post-2387 post type-post status-publish format-standard has-post-thumbnail hentry category-thuc-pham-cho-con category-vu-tru-me-bim tag-be-may-tuoi-an-duoc-hai-san tag-hai-san-cho-con tag-khoi-nguyen-phat tag-stepbaby tag-thuc-pham-cho-con\">\n\t\t\t\t<a class=\"elementor-post__thumbnail__link\" href=\"http:\/\/khoinguyenphat.vn\/index.php\/2025\/03\/29\/huong-dan-cho-tre-an-hai-san-theo-do-tuoi\/\" >\n\t\t\t<div class=\"elementor-post__thumbnail\"><img width=\"1920\" height=\"1080\" src=\"http:\/\/khoinguyenphat.vn\/wp-content\/uploads\/2025\/03\/Huong-dan-cho-tre-an-hai-san-theo-do-tuoi-.png\" class=\"attachment-full size-full\" alt=\"\" loading=\"lazy\" srcset=\"http:\/\/khoinguyenphat.vn\/wp-content\/uploads\/2025\/03\/Huong-dan-cho-tre-an-hai-san-theo-do-tuoi-.png 1920w, http:\/\/khoinguyenphat.vn\/wp-content\/uploads\/2025\/03\/Huong-dan-cho-tre-an-hai-san-theo-do-tuoi--300x169.png 300w, http:\/\/khoinguyenphat.vn\/wp-content\/uploads\/2025\/03\/Huong-dan-cho-tre-an-hai-san-theo-do-tuoi--1024x576.png 1024w, http:\/\/khoinguyenphat.vn\/wp-content\/uploads\/2025\/03\/Huong-dan-cho-tre-an-hai-san-theo-do-tuoi--768x432.png 768w, http:\/\/khoinguyenphat.vn\/wp-content\/uploads\/2025\/03\/Huong-dan-cho-tre-an-hai-san-theo-do-tuoi--1536x864.png 1536w, http:\/\/khoinguyenphat.vn\/wp-content\/uploads\/2025\/03\/Huong-dan-cho-tre-an-hai-san-theo-do-tuoi--600x338.png 600w\" sizes=\"(max-width: 1920px) 100vw, 1920px\" \/><\/div>\n\t\t<\/a>\n\t\t\t\t<div class=\"elementor-post__text\">\n\t\t\t\t<h3 class=\"elementor-post__title\">\n\t\t\t<a href=\"http:\/\/khoinguyenphat.vn\/index.php\/2025\/03\/29\/huong-dan-cho-tre-an-hai-san-theo-do-tuoi\/\" >\n\t\t\t\tH\u01b0\u1edbng d\u1eabn cho tr\u1ebb \u0103n h\u1ea3i s\u1ea3n theo \u0111\u1ed9 tu\u1ed5i\t\t\t<\/a>\n\t\t<\/h3>\n\t\t\t\t<div class=\"elementor-post__excerpt\">\n\t\t\t<p>Kh\u00f4ng ph\u1ea3i b\u00e9 \u1edf \u0111\u1ed9 tu\u1ed5i n\u00e0o c\u0169ng c\u00f3 th\u1ec3 \u0103n h\u1ea3i s\u1ea3n gi\u1ed1ng nhau. N\u00ean cho tr\u1ebb \u0103n h\u1ea3i s\u1ea3n t\u1eeb 6 th\u00e1ng tr\u1edf l\u00ean, d\u01b0\u1edbi 6 th\u00e1ng b\u00e9 c\u00f3 th\u1ec3 b\u1ecb d\u1ecb \u1ee9ng, v\u1ea5n \u0111\u1ec1 ti\u00eau h\u00f3a<\/p>\n\t\t<\/div>\n\t\t\t\t\t<a class=\"elementor-post__read-more\" href=\"http:\/\/khoinguyenphat.vn\/index.php\/2025\/03\/29\/huong-dan-cho-tre-an-hai-san-theo-do-tuoi\/\" >\n\t\t\t\tXem th\u00eam \u00bb\t\t\t<\/a>\n\t\t\t\t<\/div>\n\t\t\t\t<\/article>\n\t\t\t\t<article class=\"elementor-post elementor-grid-item post-2381 post type-post status-publish format-standard has-post-thumbnail hentry category-nuoi-day-con-cai category-vu-tru-me-bim tag-khoi-nguyen-phat tag-nuoi-day-con-cai tag-stepbaby tag-thoi-quen-xau-bo-me tag-tre-de-bat-chuoc\">\n\t\t\t\t<a class=\"elementor-post__thumbnail__link\" href=\"http:\/\/khoinguyenphat.vn\/index.php\/2025\/03\/29\/6-thoi-quen-xau-cua-ba-me-con-de-bat-chuoc-nhat\/\" >\n\t\t\t<div class=\"elementor-post__thumbnail\"><img width=\"1920\" height=\"1080\" src=\"http:\/\/khoinguyenphat.vn\/wp-content\/uploads\/2025\/03\/6-thoi-quen-xau-cua-ba-me-con-de-bat-chuoc-nhat.png\" class=\"attachment-full size-full\" alt=\"\" loading=\"lazy\" srcset=\"http:\/\/khoinguyenphat.vn\/wp-content\/uploads\/2025\/03\/6-thoi-quen-xau-cua-ba-me-con-de-bat-chuoc-nhat.png 1920w, http:\/\/khoinguyenphat.vn\/wp-content\/uploads\/2025\/03\/6-thoi-quen-xau-cua-ba-me-con-de-bat-chuoc-nhat-300x169.png 300w, http:\/\/khoinguyenphat.vn\/wp-content\/uploads\/2025\/03\/6-thoi-quen-xau-cua-ba-me-con-de-bat-chuoc-nhat-1024x576.png 1024w, http:\/\/khoinguyenphat.vn\/wp-content\/uploads\/2025\/03\/6-thoi-quen-xau-cua-ba-me-con-de-bat-chuoc-nhat-768x432.png 768w, http:\/\/khoinguyenphat.vn\/wp-content\/uploads\/2025\/03\/6-thoi-quen-xau-cua-ba-me-con-de-bat-chuoc-nhat-1536x864.png 1536w, http:\/\/khoinguyenphat.vn\/wp-content\/uploads\/2025\/03\/6-thoi-quen-xau-cua-ba-me-con-de-bat-chuoc-nhat-600x338.png 600w\" sizes=\"(max-width: 1920px) 100vw, 1920px\" \/><\/div>\n\t\t<\/a>\n\t\t\t\t<div class=\"elementor-post__text\">\n\t\t\t\t<h3 class=\"elementor-post__title\">\n\t\t\t<a href=\"http:\/\/khoinguyenphat.vn\/index.php\/2025\/03\/29\/6-thoi-quen-xau-cua-ba-me-con-de-bat-chuoc-nhat\/\" >\n\t\t\t\t6 th\u00f3i quen x\u1ea5u c\u1ee7a ba m\u1eb9 con d\u1ec5 b\u1eaft ch\u01b0\u1edbc nh\u1ea5t\t\t\t<\/a>\n\t\t<\/h3>\n\t\t\t\t<div class=\"elementor-post__excerpt\">\n\t\t\t<p>Tr\u1ebb nh\u1ecf c\u00f3 xu h\u01b0\u1edbng quan s\u00e1t v\u00e0 b\u1eaft ch\u01b0\u1edbc nh\u1eefng h\u00e0nh \u0111\u1ed9ng c\u1ee7a ba m\u1eb9 m\u1ed7i ng\u00e0y Nh\u1eefng th\u00f3i quen x\u1ea5u d\u00f9 nh\u1ecf c\u0169ng c\u00f3 th\u1ec3 \u1ea3nh h\u01b0\u1edfng \u0111\u1ebfn s\u1ef1 ph\u00e1t tri\u1ec3n c\u1ee7a tr\u1ebb<\/p>\n\t\t<\/div>\n\t\t\t\t\t<a class=\"elementor-post__read-more\" href=\"http:\/\/khoinguyenphat.vn\/index.php\/2025\/03\/29\/6-thoi-quen-xau-cua-ba-me-con-de-bat-chuoc-nhat\/\" >\n\t\t\t\tXem th\u00eam \u00bb\t\t\t<\/a>\n\t\t\t\t<\/div>\n\t\t\t\t<\/article>\n\t\t\t\t<article class=\"elementor-post elementor-grid-item post-2373 post type-post status-publish format-standard has-post-thumbnail hentry category-cham-soc-con category-vu-tru-me-bim tag-be-kho-ngu-ve-dem tag-cham-soc-be-2 tag-khoi-nguyen-phat tag-nguyen-nhan-khien-con-kho-ngu tag-stepbaby\">\n\t\t\t\t<a class=\"elementor-post__thumbnail__link\" href=\"http:\/\/khoinguyenphat.vn\/index.php\/2025\/03\/29\/5-nguyen-nhan-khien-tre-kho-ngu-ve-dem\/\" >\n\t\t\t<div class=\"elementor-post__thumbnail\"><img width=\"1024\" height=\"576\" src=\"http:\/\/khoinguyenphat.vn\/wp-content\/uploads\/2025\/03\/Thieu-kem-nen-con-kho-ngu.png\" class=\"attachment-full size-full\" alt=\"\" loading=\"lazy\" srcset=\"http:\/\/khoinguyenphat.vn\/wp-content\/uploads\/2025\/03\/Thieu-kem-nen-con-kho-ngu.png 1024w, http:\/\/khoinguyenphat.vn\/wp-content\/uploads\/2025\/03\/Thieu-kem-nen-con-kho-ngu-300x169.png 300w, http:\/\/khoinguyenphat.vn\/wp-content\/uploads\/2025\/03\/Thieu-kem-nen-con-kho-ngu-768x432.png 768w, http:\/\/khoinguyenphat.vn\/wp-content\/uploads\/2025\/03\/Thieu-kem-nen-con-kho-ngu-600x338.png 600w\" sizes=\"(max-width: 1024px) 100vw, 1024px\" \/><\/div>\n\t\t<\/a>\n\t\t\t\t<div class=\"elementor-post__text\">\n\t\t\t\t<h3 class=\"elementor-post__title\">\n\t\t\t<a href=\"http:\/\/khoinguyenphat.vn\/index.php\/2025\/03\/29\/5-nguyen-nhan-khien-tre-kho-ngu-ve-dem\/\" >\n\t\t\t\t5 Nguy\u00ean nh\u00e2n khi\u1ebfn tr\u1ebb kh\u00f3 ng\u1ee7 v\u1ec1 \u0111\u00eam\t\t\t<\/a>\n\t\t<\/h3>\n\t\t\t\t<div class=\"elementor-post__excerpt\">\n\t\t\t<p>B\u00e9 nh\u00e0 kh\u00e1c 8 &#8211; 9 gi\u1edd t\u1ed1i \u0111\u00e3 bu\u1ed3n ng\u1ee7, sao con m\u00ecnh c\u1ee9 11 &#8211; 12 gi\u1edd \u0111\u00eam ch\u01b0a ng\u1ee7? B\u00e9 kh\u00f3 ng\u1ee7 ho\u00e0n to\u00e0n c\u00f3 th\u1ec3 kh\u1eafc ph\u1ee5c m\u1ed9t c\u00e1ch d\u1ec5 d\u00e0ng khi hi\u1ec3u r\u00f5 nguy\u00ean nh\u00e2n <\/p>\n\t\t<\/div>\n\t\t\t\t\t<a class=\"elementor-post__read-more\" href=\"http:\/\/khoinguyenphat.vn\/index.php\/2025\/03\/29\/5-nguyen-nhan-khien-tre-kho-ngu-ve-dem\/\" >\n\t\t\t\tXem th\u00eam \u00bb\t\t\t<\/a>\n\t\t\t\t<\/div>\n\t\t\t\t<\/article>\n\t\t\t\t<article class=\"elementor-post elementor-grid-item post-2361 post type-post status-publish format-standard has-post-thumbnail hentry category-bai-viet category-cham-soc-con tag-hanchebanhkeochobe tag-khoi-nguyen-phat tag-tetvuikhoe tag-tipnuoidaycon\">\n\t\t\t\t<a class=\"elementor-post__thumbnail__link\" href=\"http:\/\/khoinguyenphat.vn\/index.php\/2025\/01\/16\/5-tip-de-be-han-che-an-banh-keo-ngay-tet\/\" >\n\t\t\t<div class=\"elementor-post__thumbnail\"><img width=\"1920\" height=\"1080\" src=\"http:\/\/khoinguyenphat.vn\/wp-content\/uploads\/2025\/01\/5-Tip-de-be-han-che-an-banh-keo-ngay-Tet.png\" class=\"attachment-full size-full\" alt=\"\" loading=\"lazy\" srcset=\"http:\/\/khoinguyenphat.vn\/wp-content\/uploads\/2025\/01\/5-Tip-de-be-han-che-an-banh-keo-ngay-Tet.png 1920w, http:\/\/khoinguyenphat.vn\/wp-content\/uploads\/2025\/01\/5-Tip-de-be-han-che-an-banh-keo-ngay-Tet-300x169.png 300w, http:\/\/khoinguyenphat.vn\/wp-content\/uploads\/2025\/01\/5-Tip-de-be-han-che-an-banh-keo-ngay-Tet-1024x576.png 1024w, http:\/\/khoinguyenphat.vn\/wp-content\/uploads\/2025\/01\/5-Tip-de-be-han-che-an-banh-keo-ngay-Tet-768x432.png 768w, http:\/\/khoinguyenphat.vn\/wp-content\/uploads\/2025\/01\/5-Tip-de-be-han-che-an-banh-keo-ngay-Tet-1536x864.png 1536w, http:\/\/khoinguyenphat.vn\/wp-content\/uploads\/2025\/01\/5-Tip-de-be-han-che-an-banh-keo-ngay-Tet-600x338.png 600w\" sizes=\"(max-width: 1920px) 100vw, 1920px\" \/><\/div>\n\t\t<\/a>\n\t\t\t\t<div class=\"elementor-post__text\">\n\t\t\t\t<h3 class=\"elementor-post__title\">\n\t\t\t<a href=\"http:\/\/khoinguyenphat.vn\/index.php\/2025\/01\/16\/5-tip-de-be-han-che-an-banh-keo-ngay-tet\/\" >\n\t\t\t\t5 Tip \u0111\u1ec3 b\u00e9 h\u1ea1n ch\u1ebf \u0103n b\u00e1nh k\u1eb9o ng\u00e0y T\u1ebft\t\t\t<\/a>\n\t\t<\/h3>\n\t\t\t\t<div class=\"elementor-post__excerpt\">\n\t\t\t<p>T\u1ebft l\u00e0 th\u1eddi \u0111i\u1ec3m b\u00e1nh k\u1eb9o xu\u1ea5t hi\u1ec7n nhi\u1ec1u tr\u00ean b\u00e0n ti\u1ec7c. Vi\u1ec7c b\u00e9 \u0103n qu\u00e1 nhi\u1ec1u b\u00e1nh k\u1eb9o kh\u00f4ng ch\u1ec9 \u1ea3nh h\u01b0\u1edfng \u0111\u1ebfn s\u1ee9c kh\u1ecfe m\u00e0 c\u00f2n g\u00e2y s\u00e2u r\u0103ng<\/p>\n\t\t<\/div>\n\t\t\t\t\t<a class=\"elementor-post__read-more\" href=\"http:\/\/khoinguyenphat.vn\/index.php\/2025\/01\/16\/5-tip-de-be-han-che-an-banh-keo-ngay-tet\/\" >\n\t\t\t\tXem th\u00eam \u00bb\t\t\t<\/a>\n\t\t\t\t<\/div>\n\t\t\t\t<\/article>\n\t\t\t\t<article class=\"elementor-post elementor-grid-item post-2354 post type-post status-publish format-standard has-post-thumbnail hentry category-bai-viet category-thuc-pham-cho-con category-vu-tru-me-bim tag-dinh-duong-mua-dong tag-khoi-nguyen-phat tag-mon-an-mua-dong-cho-tre tag-stepbaby tag-tang-de-khang-cho-tre\">\n\t\t\t\t<a class=\"elementor-post__thumbnail__link\" href=\"http:\/\/khoinguyenphat.vn\/index.php\/2025\/01\/04\/an-gi-vao-mua-dong-de-tre-tang-de-khang\/\" >\n\t\t\t<div class=\"elementor-post__thumbnail\"><img width=\"1125\" height=\"750\" src=\"http:\/\/khoinguyenphat.vn\/wp-content\/uploads\/2025\/01\/An-gi-vao-mua-dong-de-tang-suc-de-khang-cho-tre.jpg\" class=\"attachment-full size-full\" alt=\"\" loading=\"lazy\" srcset=\"http:\/\/khoinguyenphat.vn\/wp-content\/uploads\/2025\/01\/An-gi-vao-mua-dong-de-tang-suc-de-khang-cho-tre.jpg 1125w, http:\/\/khoinguyenphat.vn\/wp-content\/uploads\/2025\/01\/An-gi-vao-mua-dong-de-tang-suc-de-khang-cho-tre-300x200.jpg 300w, http:\/\/khoinguyenphat.vn\/wp-content\/uploads\/2025\/01\/An-gi-vao-mua-dong-de-tang-suc-de-khang-cho-tre-1024x683.jpg 1024w, http:\/\/khoinguyenphat.vn\/wp-content\/uploads\/2025\/01\/An-gi-vao-mua-dong-de-tang-suc-de-khang-cho-tre-768x512.jpg 768w, http:\/\/khoinguyenphat.vn\/wp-content\/uploads\/2025\/01\/An-gi-vao-mua-dong-de-tang-suc-de-khang-cho-tre-600x400.jpg 600w\" sizes=\"(max-width: 1125px) 100vw, 1125px\" \/><\/div>\n\t\t<\/a>\n\t\t\t\t<div class=\"elementor-post__text\">\n\t\t\t\t<h3 class=\"elementor-post__title\">\n\t\t\t<a href=\"http:\/\/khoinguyenphat.vn\/index.php\/2025\/01\/04\/an-gi-vao-mua-dong-de-tre-tang-de-khang\/\" >\n\t\t\t\t\u0102n g\u00ec v\u00e0o m\u00f9a \u0111\u00f4ng \u0111\u1ec3 tr\u1ebb t\u0103ng \u0111\u1ec1 kh\u00e1ng?\t\t\t<\/a>\n\t\t<\/h3>\n\t\t\t\t<div class=\"elementor-post__excerpt\">\n\t\t\t<p>\u0110\u1ec3 gi\u00fap tr\u1ebb t\u0103ng \u0111\u1ec1 kh\u00e1ng v\u00e0 ph\u00f2ng ch\u1ed1ng c\u00e1c b\u1ec7nh n\u00e0y, vi\u1ec7c cung c\u1ea5p \u0111\u1ea7y \u0111\u1ee7 ch\u1ea5t dinh d\u01b0\u1ee1ng qua ch\u1ebf \u0111\u1ed9 \u0103n u\u1ed1ng l\u00e0 r\u1ea5t quan tr\u1ecdng.<\/p>\n\t\t<\/div>\n\t\t\t\t\t<a class=\"elementor-post__read-more\" href=\"http:\/\/khoinguyenphat.vn\/index.php\/2025\/01\/04\/an-gi-vao-mua-dong-de-tre-tang-de-khang\/\" >\n\t\t\t\tXem th\u00eam \u00bb\t\t\t<\/a>\n\t\t\t\t<\/div>\n\t\t\t\t<\/article>\n\t\t\t\t<article class=\"elementor-post elementor-grid-item post-2345 post type-post status-publish format-standard has-post-thumbnail hentry category-bai-viet category-cham-soc-con category-vu-tru-me-bim tag-bo-sung-sat-cho-tre tag-hoi-diem-bo-sung-sat tag-khoi-nguyen-phat tag-stepbaby tag-thuc-pham-giau-sat\">\n\t\t\t\t<a class=\"elementor-post__thumbnail__link\" href=\"http:\/\/khoinguyenphat.vn\/index.php\/2025\/01\/04\/thoi-diem-vang-bo-sung-sat-cho-tre\/\" >\n\t\t\t<div class=\"elementor-post__thumbnail\"><img width=\"800\" height=\"534\" src=\"http:\/\/khoinguyenphat.vn\/wp-content\/uploads\/2025\/01\/Bo-sung-sat-cho-tre.jpg\" class=\"attachment-full size-full\" alt=\"\" loading=\"lazy\" srcset=\"http:\/\/khoinguyenphat.vn\/wp-content\/uploads\/2025\/01\/Bo-sung-sat-cho-tre.jpg 800w, http:\/\/khoinguyenphat.vn\/wp-content\/uploads\/2025\/01\/Bo-sung-sat-cho-tre-300x200.jpg 300w, http:\/\/khoinguyenphat.vn\/wp-content\/uploads\/2025\/01\/Bo-sung-sat-cho-tre-768x513.jpg 768w, http:\/\/khoinguyenphat.vn\/wp-content\/uploads\/2025\/01\/Bo-sung-sat-cho-tre-600x401.jpg 600w\" sizes=\"(max-width: 800px) 100vw, 800px\" \/><\/div>\n\t\t<\/a>\n\t\t\t\t<div class=\"elementor-post__text\">\n\t\t\t\t<h3 class=\"elementor-post__title\">\n\t\t\t<a href=\"http:\/\/khoinguyenphat.vn\/index.php\/2025\/01\/04\/thoi-diem-vang-bo-sung-sat-cho-tre\/\" >\n\t\t\t\tTh\u1eddi \u0111i\u1ec3m v\u00e0ng b\u1ed5 sung s\u1eaft cho tr\u1ebb\t\t\t<\/a>\n\t\t<\/h3>\n\t\t\t\t<div class=\"elementor-post__excerpt\">\n\t\t\t<p>B\u1ed5 sung s\u1eaft cho con l\u00e0 \u0111i\u1ec1u c\u1ea7n thi\u1ebft \u0111\u1ec3 h\u1ed7 tr\u1ee3 s\u1ef1 ph\u00e1t tri\u1ec3n to\u00e0n di\u1ec7n c\u1ee7a tr\u1ebb. Th\u1eddi \u0111i\u1ec3m v\u00e0ng \u0111\u1ec3 b\u1ed5 sung s\u1eaft l\u00e0 t\u1eeb 6 th\u00e1ng \u0111\u1ebfn 2 tu\u1ed5i<\/p>\n\t\t<\/div>\n\t\t\t\t\t<a class=\"elementor-post__read-more\" href=\"http:\/\/khoinguyenphat.vn\/index.php\/2025\/01\/04\/thoi-diem-vang-bo-sung-sat-cho-tre\/\" >\n\t\t\t\tXem th\u00eam \u00bb\t\t\t<\/a>\n\t\t\t\t<\/div>\n\t\t\t\t<\/article>\n\t\t\t\t<\/div>\n\t\t\t\t<\/div>\n\t\t\t\t<\/div>\n\t\t\t\t\t<\/div>\n\t\t<\/div>\n\t\t\t\t\t\t\t<\/div>\n\t\t<\/section>\n\t\t\t\t\t\t\t<\/div>\n\t\t","protected":false},"excerpt":{"rendered":"","protected":false},"author":1,"featured_media":0,"parent":0,"menu_order":0,"comment_status":"closed","ping_status":"closed","template":"","meta":{"om_disable_all_campaigns":false,"_monsterinsights_skip_tracking":false,"_monsterinsights_sitenote_active":false,"_monsterinsights_sitenote_note":"","_monsterinsights_sitenote_category":0},"_links":{"self":[{"href":"http:\/\/khoinguyenphat.vn\/index.php\/wp-json\/wp\/v2\/pages\/131"}],"collection":[{"href":"http:\/\/khoinguyenphat.vn\/index.php\/wp-json\/wp\/v2\/pages"}],"about":[{"href":"http:\/\/khoinguyenphat.vn\/index.php\/wp-json\/wp\/v2\/types\/page"}],"author":[{"embeddable":true,"href":"http:\/\/khoinguyenphat.vn\/index.php\/wp-json\/wp\/v2\/users\/1"}],"replies":[{"embeddable":true,"href":"http:\/\/khoinguyenphat.vn\/index.php\/wp-json\/wp\/v2\/comments?post=131"}],"version-history":[{"count":14,"href":"http:\/\/khoinguyenphat.vn\/index.php\/wp-json\/wp\/v2\/pages\/131\/revisions"}],"predecessor-version":[{"id":1221,"href":"http:\/\/khoinguyenphat.vn\/index.php\/wp-json\/wp\/v2\/pages\/131\/revisions\/1221"}],"wp:attachment":[{"href":"http:\/\/khoinguyenphat.vn\/index.php\/wp-json\/wp\/v2\/media?parent=131"}],"curies":[{"name":"wp","href":"https:\/\/api.w.org\/{rel}","templated":true}]}}